{"id":435,"date":"2025-12-15T17:49:41","date_gmt":"2025-12-15T22:49:41","guid":{"rendered":"https:\/\/inmoder.com\/inmobiliaria\/?post_type=product&#038;p=435"},"modified":"2026-01-14T12:32:37","modified_gmt":"2026-01-14T17:32:37","slug":"venta-de-un-local-industrial-san-martin-de-porres","status":"publish","type":"product","link":"https:\/\/inmoder.com\/inmobiliaria\/propiedades\/venta-de-un-local-industrial-san-martin-de-porres\/","title":{"rendered":"VENTA DE LOCAL INDUSTRIAL &#8211; SAN MARTIN DE PORRES"},"content":{"rendered":"<p>OPORTUNIDAD \u00daNICA PARA EMPRESAS E INVERSIONISTAS. <\/p>\n<p>Cont\u00e1ctate con la Profesional Inmobiliario Srta.Zhander cel.9.4.3.7.4.8.3.3.1 o al 9.7.4.3.9.7.5.0.8<\/p>\n<p>Se vende local industrial con excelente ubicaci\u00f3n, a espaldas de la Av. C\u00e9sar Vallejo y a pocos metros de la Panamericana Norte, en un entorno netamente industrial.<\/p>\n<p>Con 1,160 m2 de \u00e1rea de terreno, esta propiedad ofrece un amplio espacio operativo para maniobras de carga y descarga, adem\u00e1s de \u00e1reas techadas ideales para almacenamiento seguro y operaciones continuas.<\/p>\n<p>El local est\u00e1 listo para operar:<br \/>\n\u2714 Pozo a tierra<br \/>\n\u2714 Sistema el\u00e9ctrico trif\u00e1sico<br \/>\n\u2714 Pisos y techos industriales<br \/>\n\u2714 Portones de 5 m de altura aprox., aptos para transporte pesado<\/p>\n<p>Se ubica en una zona industrial activa, rodeada de f\u00e1bricas y empresas, con zonificaci\u00f3n VT, ideal para almacenes, log\u00edstica y producci\u00f3n ligera.<\/p>\n<p><iframe loading=\"lazy\" width=\"425\" height=\"350\" src=\"https:\/\/www.openstreetmap.org\/export\/embed.html?bbox=-77.07576513290407%2C-11.952530688962517%2C-77.06196784973146%2C-11.945813018584671&amp;layer=mapnik&amp;marker=-11.949171874608963%2C-77.06886649131775\" style=\"border: 1px solid black\"><\/iframe><br \/><small><a href=\"https:\/\/www.openstreetmap.org\/?mlat=-11.949172&amp;mlon=-77.068866#map=17\/-11.949172\/-77.068866\">Ver el mapa m\u00e1s grande<\/a><\/small><\/p>\n<h2>Contacta a tu agente de confianza<\/h2>\n<p>Agente: Zhander Morales<br \/>\nCelular: 943 748 331 o al 974 397 508<\/p>\n<p><a class=\"contact-images\" title=\"Llamar\" href=\"tel:943748331\"><br \/>\n<img loading=\"lazy\" decoding=\"async\" class=\"alignnone size-full wp-image-45\" src=\"https:\/\/inmoder.com\/inmobiliaria\/wp-content\/uploads\/2025\/11\/llamar-asesor.jpg\" alt=\"llamar asesor\" width=\"50\" height=\"50\" \/> <\/a><a title=\"Escribir por Whatsapp\" href=\"https:\/\/wa.me\/51943748331?text=Hola! me interesa la venta del local industrial en San Martin de Porres\" target=\"_blank\" rel=\"noopener\"><img loading=\"lazy\" decoding=\"async\" class=\"alignnone size-full wp-image-47\" src=\"https:\/\/inmoder.com\/inmobiliaria\/wp-content\/uploads\/2025\/11\/whatsapp-asesor.jpg\" alt=\"whastapp asesor\" width=\"50\" height=\"50\" \/> <\/a><\/p>\n","protected":false},"excerpt":{"rendered":"<p>S\/ 4&#8217;329,000<\/p>\n<p>Se vende amplio local industrial de gran metraje, estrat\u00e9gicamente ubicado a pocos metros de la Panamericana Norte y cerca de importantes universidades. Ideal para almacenes, centros log\u00edsticos, talleres, plantas de producci\u00f3n ligera o empresas que requieran f\u00e1cil acceso y alta conectividad vial.<\/p>\n<p>Contacta al Profesional Inmobiliario de confianza<\/p>\n<p>Asesor:  Zhander Morales<br \/>\nEmail:   zhander.morales@inmoder.com<br \/>\nCelular: 943748331<\/p>\n<p><a class=\"contact-images\" title=\"Llamar\" href=\"tel:943748331\"><br \/>\n<img loading=\"lazy\" decoding=\"async\" class=\"alignnone size-full wp-image-45\" src=\"https:\/\/inmoder.com\/inmobiliaria\/wp-content\/uploads\/2025\/11\/llamar-asesor.jpg\" alt=\"llamar asesor\" width=\"50\" height=\"50\" \/> <\/a><a title=\"Escribir por Whatsapp\" href=\"https:\/\/wa.me\/51986640950?text=Hola! me interesa la venta del local industrial en San Martin de Porres!\" target=\"_blank\" rel=\"noopener\"><img loading=\"lazy\" decoding=\"async\" class=\"alignnone size-full wp-image-47\" src=\"https:\/\/inmoder.com\/inmobiliaria\/wp-content\/uploads\/2025\/11\/whatsapp-asesor.jpg\" alt=\"whastapp asesor\" width=\"50\" height=\"50\" \/> <\/a><\/p>\n","protected":false},"featured_media":437,"template":"","meta":[],"product_brand":[],"product_cat":[124],"product_tag":[],"class_list":{"0":"post-435","1":"product","2":"type-product","3":"status-publish","4":"has-post-thumbnail","6":"product_cat-venta-local-industrial","8":"first","9":"outofstock","10":"shipping-taxable","11":"purchasable","12":"product-type-simple"},"_links":{"self":[{"href":"https:\/\/inmoder.com\/inmobiliaria\/wp-json\/wp\/v2\/product\/435","targetHints":{"allow":["GET"]}}],"collection":[{"href":"https:\/\/inmoder.com\/inmobiliaria\/wp-json\/wp\/v2\/product"}],"about":[{"href":"https:\/\/inmoder.com\/inmobiliaria\/wp-json\/wp\/v2\/types\/product"}],"wp:featuredmedia":[{"embeddable":true,"href":"https:\/\/inmoder.com\/inmobiliaria\/wp-json\/wp\/v2\/media\/437"}],"wp:attachment":[{"href":"https:\/\/inmoder.com\/inmobiliaria\/wp-json\/wp\/v2\/media?parent=435"}],"wp:term":[{"taxonomy":"product_brand","embeddable":true,"href":"https:\/\/inmoder.com\/inmobiliaria\/wp-json\/wp\/v2\/product_brand?post=435"},{"taxonomy":"product_cat","embeddable":true,"href":"https:\/\/inmoder.com\/inmobiliaria\/wp-json\/wp\/v2\/product_cat?post=435"},{"taxonomy":"product_tag","embeddable":true,"href":"https:\/\/inmoder.com\/inmobiliaria\/wp-json\/wp\/v2\/product_tag?post=435"}],"curies":[{"name":"wp","href":"https:\/\/api.w.org\/{rel}","templated":true}]}}