{"id":266,"date":"2025-12-11T11:43:04","date_gmt":"2025-12-11T16:43:04","guid":{"rendered":"https:\/\/inmoder.com\/inmobiliaria\/?post_type=product&#038;p=266"},"modified":"2026-02-09T12:19:50","modified_gmt":"2026-02-09T17:19:50","slug":"se-vende-oficina-en-lince","status":"publish","type":"product","link":"https:\/\/inmoder.com\/inmobiliaria\/propiedades\/se-vende-oficina-en-lince\/","title":{"rendered":"VENTA DE OFICINA EN LINCE"},"content":{"rendered":"<p>Excelente oportunidad en plena Avenida Manuel Segura, en el distrito de Lince.<br \/>\nPiso 10 &#8211; Oficina de 61.35 m2, muy bien distribuida en dos ambientes amplios, ideal para estudio contable, consultorio, oficina corporativa o coworking.<\/p>\n<p>Cont\u00e1ctate con la Profesional Inmobiliario Srta. Zhander Morales al cel. 9.4.3.7.4.8.3.3.1 &#8211; 9.7.4.3.9.7.5.0.8<\/p>\n<p>Caracter\u00edsticas principales:<br \/>\n\u2022 \u00c1rea total: 61.35 m2<br \/>\n\u2022 2 ambientes amplios y vers\u00e1tiles<br \/>\n\u2022 35 a\u00f1os de antig\u00fcedad, bien conservada<br \/>\n\u2022 Ascensor renovado hace 2 a\u00f1os<br \/>\n\u2022 Ubicada entre avenidas principales Av. Alejandro Tirado, Av. Arequipa y la Av. Prolongaci\u00f3n Iquitos<\/p>\n<p>Rodeado de negocios importantes, restaurantes, hospitales, universidades, entidades del estado, centros comerciales, entre otros.<\/p>\n<p>Oportunidad \u00fanica para invertir o generar renta en una zona segura y con alta valorizaci\u00f3n.<\/p>\n<p><iframe loading=\"lazy\" width=\"425\" height=\"350\" src=\"https:\/\/www.openstreetmap.org\/export\/embed.html?bbox=-77.03418284654617%2C-12.080142515963868%2C-77.03167229890825%2C-12.078463909923785&amp;layer=mapnik\" style=\"border: 1px solid black\"><\/iframe>&lt;br <\/p>\n<h2>Contacta a tu agente de confianza<\/h2>\n<p>Agente:   Zhander Morales<br \/>\nCelular:  943748331 o al 974397508.<\/p>\n<p><a class=\"contact-images\" title=\"Llamar\" href=\"tel:943748331\"><br \/>\n<img loading=\"lazy\" decoding=\"async\" class=\"alignnone size-full wp-image-45\" src=\"https:\/\/inmoder.com\/inmobiliaria\/wp-content\/uploads\/2025\/11\/llamar-asesor.jpg\" alt=\"llamar asesor\" width=\"50\" height=\"50\" \/> <\/a><a title=\"Escribir por Whatsapp\" href=\"https:\/\/wa.me\/51986640950?text=Hola! me interesa el departamento en alquiler en Los Olivos(Polonia)!\" target=\"_blank\" rel=\"noopener\"><img loading=\"lazy\" decoding=\"async\" class=\"alignnone size-full wp-image-47\" src=\"https:\/\/inmoder.com\/inmobiliaria\/wp-content\/uploads\/2025\/11\/whatsapp-asesor.jpg\" alt=\"whastapp asesor\" width=\"50\" height=\"50\" \/> <\/a><\/p>\n","protected":false},"excerpt":{"rendered":"<p>S\/ 234,000<br \/>\nUna oficina que combina funcionalidad con un ambiente acogedor. Un lugar que invita a trabajar a gusto, con buena distribuci\u00f3n y detalles que hacen la jornada m\u00e1s agradable. Ideal para profesionales o peque\u00f1as empresas que buscan un espacio que realmente sume.<\/p>\n<p>Contacta a tu agente de confianza<\/p>\n<p>Asesor: Zhander Morales<br \/>\nEmail:  zhander.morales@inmoder.com<br \/>\nCelular: 943748331<\/p>\n<p><a class=\"contact-images\" title=\"Llamar\" href=\"tel:943748331\"><br \/>\n<img loading=\"lazy\" decoding=\"async\" class=\"alignnone size-full wp-image-45\" src=\"https:\/\/inmoder.com\/inmobiliaria\/wp-content\/uploads\/2025\/11\/llamar-asesor.jpg\" alt=\"llamar asesor\" width=\"50\" height=\"50\" \/> <\/a><a title=\"Escribir por Whatsapp\" href=\"https:\/\/wa.me\/51986640950?text=Hola! me interesa el departamento en alquiler en Los Olivos(Polonia)!\" target=\"_blank\" rel=\"noopener\"><img loading=\"lazy\" decoding=\"async\" class=\"alignnone size-full wp-image-47\" src=\"https:\/\/inmoder.com\/inmobiliaria\/wp-content\/uploads\/2025\/11\/whatsapp-asesor.jpg\" alt=\"whastapp asesor\" width=\"50\" height=\"50\" \/> <\/a><\/p>\n","protected":false},"featured_media":291,"template":"","meta":[],"product_brand":[],"product_cat":[166],"product_tag":[],"class_list":{"0":"post-266","1":"product","2":"type-product","3":"status-publish","4":"has-post-thumbnail","6":"product_cat-venta-de-oficina","8":"first","9":"outofstock","10":"shipping-taxable","11":"purchasable","12":"product-type-simple"},"_links":{"self":[{"href":"https:\/\/inmoder.com\/inmobiliaria\/wp-json\/wp\/v2\/product\/266","targetHints":{"allow":["GET"]}}],"collection":[{"href":"https:\/\/inmoder.com\/inmobiliaria\/wp-json\/wp\/v2\/product"}],"about":[{"href":"https:\/\/inmoder.com\/inmobiliaria\/wp-json\/wp\/v2\/types\/product"}],"wp:featuredmedia":[{"embeddable":true,"href":"https:\/\/inmoder.com\/inmobiliaria\/wp-json\/wp\/v2\/media\/291"}],"wp:attachment":[{"href":"https:\/\/inmoder.com\/inmobiliaria\/wp-json\/wp\/v2\/media?parent=266"}],"wp:term":[{"taxonomy":"product_brand","embeddable":true,"href":"https:\/\/inmoder.com\/inmobiliaria\/wp-json\/wp\/v2\/product_brand?post=266"},{"taxonomy":"product_cat","embeddable":true,"href":"https:\/\/inmoder.com\/inmobiliaria\/wp-json\/wp\/v2\/product_cat?post=266"},{"taxonomy":"product_tag","embeddable":true,"href":"https:\/\/inmoder.com\/inmobiliaria\/wp-json\/wp\/v2\/product_tag?post=266"}],"curies":[{"name":"wp","href":"https:\/\/api.w.org\/{rel}","templated":true}]}}