{"id":2188,"date":"2026-04-17T18:02:21","date_gmt":"2026-04-17T23:02:21","guid":{"rendered":"https:\/\/inmoder.com\/inmobiliaria\/?post_type=product&#038;p=2188"},"modified":"2026-04-17T18:05:09","modified_gmt":"2026-04-17T23:05:09","slug":"venta-de-terreno-en-los-olivos-jr-san-andres","status":"publish","type":"product","link":"https:\/\/inmoder.com\/inmobiliaria\/propiedades\/venta-de-terreno-en-los-olivos-jr-san-andres\/","title":{"rendered":"Venta de Terreno en Los Olivos &#8211; Jr San Andr\u00e9s"},"content":{"rendered":"<p>Se presenta una oportunidad inmobiliaria de gran escala en uno de los distritos con mayor dinamismo comercial e industrial de Lima Norte: Los Olivos.<\/p>\n<p><strong>TERRENO ESTRAT\u00c9GICO EN VENTA \u2013 LOS OLIVOS | 20,250 m2 PARA GRANDES PROYECTOS<\/strong><\/p>\n<p>Ubicaci\u00f3n clave y altamente conectada:<br \/>\nEl terreno se encuentra entre las calles San Andr\u00e9s y Av. San Genaro, a escasos metros de v\u00edas principales de alto tr\u00e1nsito como la Panamericana Norte, Av. Gerardo Unger y Av. Universitaria. Esta ubicaci\u00f3n garantiza acceso inmediato, visibilidad y eficiencia log\u00edstica.<\/p>\n<p><strong>\u00c1rea total: 20,220 m2<\/strong><\/p>\n<p>Amplio doble frente:<br \/>\n90.51 ml hacia Jr. San Andr\u00e9s<br \/>\n90.50 ml hacia Av. Gerardo Unger<\/p>\n<p>Zonificaci\u00f3n I2 \u2013 Industria Liviana:<br \/>\nPerfecto para el desarrollo de centros log\u00edsticos, almacenes, plantas industriales, hubs de distribuci\u00f3n, comercio mayorista o proyectos empresariales de gran envergadura.<\/p>\n<p><strong>INVERSI\u00d3N DE NIVEL NACIONAL E INTERNACIONAL<\/strong><\/p>\n<p>Este activo representa una plataforma ideal para empresas en expansi\u00f3n, fondos de inversi\u00f3n, corporaciones y grupos empresariales que buscan posicionarse estrat\u00e9gicamente en Lima Norte, una de las zonas con mayor crecimiento econ\u00f3mico del pa\u00eds.<\/p>\n<p><iframe loading=\"lazy\" width=\"425\" height=\"350\" src=\"https:\/\/www.openstreetmap.org\/export\/embed.html?bbox=-77.07162380218506%2C-11.96060216924535%2C-77.06158161163331%2C-11.953517332759027&amp;layer=mapnik&amp;marker=-11.957065507614242%2C-77.06660270690918\" style=\"border: 1px solid black\"><\/iframe><br \/><small><a href=\"https:\/\/www.openstreetmap.org\/?mlat=-11.957066&amp;mlon=-77.066603#map=17\/-11.957060\/-77.066603\">Ver el mapa m\u00e1s grande<\/a><\/small><\/p>\n<h2>Contacta a tu agente de confianza<\/h2>\n<p>Agente: Zhander Morales<br \/>\nCelular: 943 748 331 o al 974 397 508<\/p>\n<p><a class=\"contact-images\" title=\"Llamar\" href=\"tel:943748331\"><br \/>\n<img loading=\"lazy\" decoding=\"async\" class=\"alignnone size-full wp-image-45\" src=\"https:\/\/inmoder.com\/inmobiliaria\/wp-content\/uploads\/2025\/11\/llamar-asesor.jpg\" alt=\"llamar asesor\" width=\"50\" height=\"50\" \/> <\/a><a title=\"Escribir por Whatsapp\" href=\"https:\/\/wa.me\/51943748331?text=Hola! me interesa el terreno en Jr. San Andr\u00e9s - Los Olivos!\" target=\"_blank\" rel=\"noopener\"><img loading=\"lazy\" decoding=\"async\" class=\"alignnone size-full wp-image-47\" src=\"https:\/\/inmoder.com\/inmobiliaria\/wp-content\/uploads\/2025\/11\/whatsapp-asesor.jpg\" alt=\"whastapp asesor\" width=\"50\" height=\"50\" \/> <\/a><\/p>\n","protected":false},"excerpt":{"rendered":"<p>Se presenta una oportunidad inmobiliaria de gran escala en uno de los distritos con mayor dinamismo comercial e industrial de Lima Norte: Los Olivos.<\/p>\n<p><strong>TERRENO ESTRAT\u00c9GICO EN VENTA \u2013 LOS OLIVOS | 20,250 m2 PARA GRANDES PROYECTOS<\/strong><\/p>\n<p>Ubicaci\u00f3n clave y altamente conectada:<br \/>\nEl terreno se encuentra entre las calles San Andr\u00e9s y Av. San Genaro, a escasos metros de v\u00edas principales de alto tr\u00e1nsito como la Panamericana Norte, Av. Gerardo Unger y Av. Universitaria. Esta ubicaci\u00f3n garantiza acceso inmediato, visibilidad y eficiencia log\u00edstica.<\/p>\n<p><strong>Contacta con la Profesional Inmobiliaria<\/strong><\/p>\n<p>Asesor: Zhander Morales<br \/>\nEmail: zhander.morales@inmoder.com<br \/>\nCelular: 943 748 331<\/p>\n<p><a class=\"contact-images\" title=\"Llamar\" href=\"tel:943748331\"><br \/>\n<img loading=\"lazy\" decoding=\"async\" class=\"alignnone size-full wp-image-45\" src=\"https:\/\/inmoder.com\/inmobiliaria\/wp-content\/uploads\/2025\/11\/llamar-asesor.jpg\" alt=\"llamar asesor\" width=\"50\" height=\"50\" \/> <\/a><a title=\"Escribir por Whatsapp\" href=\"https:\/\/wa.me\/51943748331?text=Hola! me interesa el terreno en Jr. San Andr\u00e9s - Los Olivos!\" target=\"_blank\" rel=\"noopener\"><img loading=\"lazy\" decoding=\"async\" class=\"alignnone size-full wp-image-47\" src=\"https:\/\/inmoder.com\/inmobiliaria\/wp-content\/uploads\/2025\/11\/whatsapp-asesor.jpg\" alt=\"whastapp asesor\" width=\"50\" height=\"50\" \/> <\/a><\/p>\n","protected":false},"featured_media":2189,"template":"","meta":[],"product_brand":[],"product_cat":[16],"product_tag":[223,22,158,222,45],"class_list":{"0":"post-2188","1":"product","2":"type-product","3":"status-publish","4":"has-post-thumbnail","6":"product_cat-terrenos-venta","7":"product_tag-jr-san-andres","8":"product_tag-los-olivos","9":"product_tag-terreno","10":"product_tag-terreno-en-venta","11":"product_tag-venta","13":"first","14":"outofstock","15":"shipping-taxable","16":"purchasable","17":"product-type-simple"},"_links":{"self":[{"href":"https:\/\/inmoder.com\/inmobiliaria\/wp-json\/wp\/v2\/product\/2188","targetHints":{"allow":["GET"]}}],"collection":[{"href":"https:\/\/inmoder.com\/inmobiliaria\/wp-json\/wp\/v2\/product"}],"about":[{"href":"https:\/\/inmoder.com\/inmobiliaria\/wp-json\/wp\/v2\/types\/product"}],"wp:featuredmedia":[{"embeddable":true,"href":"https:\/\/inmoder.com\/inmobiliaria\/wp-json\/wp\/v2\/media\/2189"}],"wp:attachment":[{"href":"https:\/\/inmoder.com\/inmobiliaria\/wp-json\/wp\/v2\/media?parent=2188"}],"wp:term":[{"taxonomy":"product_brand","embeddable":true,"href":"https:\/\/inmoder.com\/inmobiliaria\/wp-json\/wp\/v2\/product_brand?post=2188"},{"taxonomy":"product_cat","embeddable":true,"href":"https:\/\/inmoder.com\/inmobiliaria\/wp-json\/wp\/v2\/product_cat?post=2188"},{"taxonomy":"product_tag","embeddable":true,"href":"https:\/\/inmoder.com\/inmobiliaria\/wp-json\/wp\/v2\/product_tag?post=2188"}],"curies":[{"name":"wp","href":"https:\/\/api.w.org\/{rel}","templated":true}]}}