{"id":2181,"date":"2026-04-17T17:35:20","date_gmt":"2026-04-17T22:35:20","guid":{"rendered":"https:\/\/inmoder.com\/inmobiliaria\/?post_type=product&#038;p=2181"},"modified":"2026-04-17T17:49:58","modified_gmt":"2026-04-17T22:49:58","slug":"venta-de-cochera-ate","status":"publish","type":"product","link":"https:\/\/inmoder.com\/inmobiliaria\/propiedades\/venta-de-cochera-ate\/","title":{"rendered":"Venta de cochera &#8211; Ate"},"content":{"rendered":"<p>\u00a1Oportunidad \u00fanica! Se vende cochera (NEGOCIABLE) dentro de un moderno y seguro condominio en Ate.<\/p>\n<p>Disfruta de la tranquilidad que mereces con esta <strong>cochera amplia en un exclusivo condominio <\/strong>, equipada <strong>con c\u00e1maras de seguridad y personal de vigilancia las 24 horas del d\u00eda<\/strong>, lo que garantiza la protecci\u00f3n constante de tu veh\u00edculo.<br \/>\nCon acceso r\u00e1pido a principales avenidas, esta cochera te permite ahorrar tiempo y evitar el estr\u00e9s del tr\u00e1fico y la falta de estacionamiento. <\/p>\n<p>Su espacio generoso facilita maniobras c\u00f3modas y seguras, ideal para autos de distintos tama\u00f1os. Una excelente oportunidad para quienes valoran seguridad, comodidad y una inversi\u00f3n inteligente en una zona estrat\u00e9gica.<\/p>\n<p><iframe loading=\"lazy\" width=\"425\" height=\"350\" src=\"https:\/\/www.openstreetmap.org\/export\/embed.html?bbox=-76.90082073211671%2C-12.02176019619196%2C-76.89579963684083%2C-12.018218604039157&amp;layer=mapnik&amp;marker=-12.019986766986499%2C-76.89831018447876\" style=\"border: 1px solid black\"><\/iframe><br \/><small><a href=\"https:\/\/www.openstreetmap.org\/?mlat=-12.019987&amp;mlon=-76.898310#map=18\/-12.019989\/-76.898310\">Ver el mapa m\u00e1s grande<\/a><\/small><\/p>\n<h2>Contacta a tu Profesional Inmobiliario de confianza<\/h2>\n<p>Agente: Zincia Morales<br \/>\nCelular: 913 804 008  o al 974 397 508<\/p>\n<p><a class=\"contact-images\" title=\"Llamar\" href=\"tel:913804008\"><br \/>\n<img loading=\"lazy\" decoding=\"async\" class=\"alignnone size-full wp-image-45\" src=\"https:\/\/inmoder.com\/inmobiliaria\/wp-content\/uploads\/2025\/11\/llamar-asesor.jpg\" alt=\"llamar asesor\" width=\"50\" height=\"50\" \/> <\/a><a title=\"Escribir por Whatsapp\" href=\"https:\/\/wa.me\/51913804008?text=Hola! me interesa la cochera en venta - Ate!\" target=\"_blank\" rel=\"noopener\"><img loading=\"lazy\" decoding=\"async\" class=\"alignnone size-full wp-image-47\" src=\"https:\/\/inmoder.com\/inmobiliaria\/wp-content\/uploads\/2025\/11\/whatsapp-asesor.jpg\" alt=\"whastapp asesor\" width=\"50\" height=\"50\" \/> <\/a><\/p>\n","protected":false},"excerpt":{"rendered":"<p>S\/ 51,000<\/p>\n<p>\u00a1Oportunidad \u00fanica! Se vende cochera (NEGOCIABLE) dentro de un moderno y seguro condominio en Ate. <\/p>\n<p>Disfruta de la tranquilidad que mereces con esta <strong>cochera amplia en un exclusivo condominio <\/strong>, equipada <strong>con c\u00e1maras de seguridad y personal de vigilancia las 24 horas del d\u00eda<\/strong>, lo que garantiza la protecci\u00f3n constante de tu veh\u00edculo.<br \/>\nCon acceso r\u00e1pido a principales avenidas, esta cochera te permite ahorrar tiempo y evitar el estr\u00e9s del tr\u00e1fico y la falta de estacionamiento. <\/p>\n<p><strong>Contacta con la Profesional Inmobiliario<\/strong><\/p>\n<p>Asesor: Zincia Morales<br \/>\nEmail: zincia.morales@inmoder.com<br \/>\nCelular: 913 804 008<\/p>\n<p><a class=\"contact-images\" title=\"Llamar\" href=\"tel:913804008\"><br \/>\n<img loading=\"lazy\" decoding=\"async\" class=\"alignnone size-full wp-image-45\" src=\"https:\/\/inmoder.com\/inmobiliaria\/wp-content\/uploads\/2025\/11\/llamar-asesor.jpg\" alt=\"llamar asesor\" width=\"50\" height=\"50\" \/> <\/a><a title=\"Escribir por Whatsapp\" href=\"https:\/\/wa.me\/51913804008?text=Hola! me interesa la cochera en venta - Ate!\" target=\"_blank\" rel=\"noopener\"><img loading=\"lazy\" decoding=\"async\" class=\"alignnone size-full wp-image-47\" src=\"https:\/\/inmoder.com\/inmobiliaria\/wp-content\/uploads\/2025\/11\/whatsapp-asesor.jpg\" alt=\"whastapp asesor\" width=\"50\" height=\"50\" \/> <\/a><\/p>\n","protected":false},"featured_media":2183,"template":"","meta":[],"product_brand":[],"product_cat":[15],"product_tag":[29,220,221],"class_list":{"0":"post-2181","1":"product","2":"type-product","3":"status-publish","4":"has-post-thumbnail","6":"product_cat-inmueble","7":"product_tag-ate","8":"product_tag-cochera","9":"product_tag-venta-de-cochera","11":"first","12":"outofstock","13":"shipping-taxable","14":"purchasable","15":"product-type-simple"},"_links":{"self":[{"href":"https:\/\/inmoder.com\/inmobiliaria\/wp-json\/wp\/v2\/product\/2181","targetHints":{"allow":["GET"]}}],"collection":[{"href":"https:\/\/inmoder.com\/inmobiliaria\/wp-json\/wp\/v2\/product"}],"about":[{"href":"https:\/\/inmoder.com\/inmobiliaria\/wp-json\/wp\/v2\/types\/product"}],"wp:featuredmedia":[{"embeddable":true,"href":"https:\/\/inmoder.com\/inmobiliaria\/wp-json\/wp\/v2\/media\/2183"}],"wp:attachment":[{"href":"https:\/\/inmoder.com\/inmobiliaria\/wp-json\/wp\/v2\/media?parent=2181"}],"wp:term":[{"taxonomy":"product_brand","embeddable":true,"href":"https:\/\/inmoder.com\/inmobiliaria\/wp-json\/wp\/v2\/product_brand?post=2181"},{"taxonomy":"product_cat","embeddable":true,"href":"https:\/\/inmoder.com\/inmobiliaria\/wp-json\/wp\/v2\/product_cat?post=2181"},{"taxonomy":"product_tag","embeddable":true,"href":"https:\/\/inmoder.com\/inmobiliaria\/wp-json\/wp\/v2\/product_tag?post=2181"}],"curies":[{"name":"wp","href":"https:\/\/api.w.org\/{rel}","templated":true}]}}