{"id":2171,"date":"2026-04-17T17:12:59","date_gmt":"2026-04-17T22:12:59","guid":{"rendered":"https:\/\/inmoder.com\/inmobiliaria\/?post_type=product&#038;p=2171"},"modified":"2026-04-17T17:19:47","modified_gmt":"2026-04-17T22:19:47","slug":"venta-de-terreno-en-brena","status":"publish","type":"product","link":"https:\/\/inmoder.com\/inmobiliaria\/propiedades\/venta-de-terreno-en-brena\/","title":{"rendered":"Venta de Terreno en Bre\u00f1a"},"content":{"rendered":"<p>Gran oportunidad de inversi\u00f3n en el coraz\u00f3n de Bre\u00f1a: <strong>terreno de 5,200 m2<\/strong> <strong>con par\u00e1metros de construcci\u00f3n hasta 10 pisos<\/strong>, ideal para desarrollar un Proyecto Comercial de alto impacto, en Jr. Huancabamba a pasos de las avenidas Brasil y Arica, este predio asegura exposici\u00f3n, accesibilidad y flujo constante, factores clave para cualquier inversi\u00f3n exitosa.<\/p>\n<p>Ubicado en una zona estrat\u00e9gica con alto flujo peatonal y vehicular, rodeado de comercios consolidados, acceso inmediato a transporte p\u00fablico y todos los servicios esenciales. Este espacio ofrece el potencial perfecto para convertirse en un moderno centro comercial o mixto que capitalice la creciente demanda del sector. <\/p>\n<p>Si buscas un proyecto con proyecci\u00f3n, visibilidad y rentabilidad, este es el punto de partida para el pr\u00f3ximo gran desarrollo de la zona.<\/p>\n<p>En un mercado donde los grandes terrenos urbanos son cada vez m\u00e1s escasos, esta propiedad destaca por su escala, ubicaci\u00f3n y potencial de rentabilidad inmediata y sostenida.<\/p>\n<p>Este es el tipo de activo que no permanece disponible por mucho tiempo.<\/p>\n<p>Es el momento de asegurar una posici\u00f3n estrat\u00e9gica en una de las zonas con mayor dinamismo de Lima.<\/p>\n<p><iframe loading=\"lazy\" width=\"425\" height=\"350\" src=\"https:\/\/www.openstreetmap.org\/export\/embed.html?bbox=-77.05762803554536%2C-12.066965175678952%2C-77.0541787147522%2C-12.065194683478165&amp;layer=mapnik&amp;marker=-12.06607842206439%2C-77.05590337514877\" style=\"border: 1px solid black\"><\/iframe><br \/><small><a href=\"https:\/\/www.openstreetmap.org\/?mlat=-12.066078&amp;mlon=-77.055903#map=19\/-12.066080\/-77.055903\">Ver el mapa m\u00e1s grande<\/a><\/small><\/p>\n<h2>Contacta a tu agente de confianza<\/h2>\n<p>Agente: Zhander Morales<br \/>\nCelular: 943 748 331 o al 974 397 508<\/p>\n<p><a class=\"contact-images\" title=\"Llamar\" href=\"tel:943748331\"><br \/>\n<img loading=\"lazy\" decoding=\"async\" class=\"alignnone size-full wp-image-45\" src=\"https:\/\/inmoder.com\/inmobiliaria\/wp-content\/uploads\/2025\/11\/llamar-asesor.jpg\" alt=\"llamar asesor\" width=\"50\" height=\"50\" \/> <\/a><a title=\"Escribir por Whatsapp\" href=\"https:\/\/wa.me\/51943748331?text=Hola! me interesa la venta del terreno ubicado en Bre\u00f1a!\" target=\"_blank\" rel=\"noopener\"><img loading=\"lazy\" decoding=\"async\" class=\"alignnone size-full wp-image-47\" src=\"https:\/\/inmoder.com\/inmobiliaria\/wp-content\/uploads\/2025\/11\/whatsapp-asesor.jpg\" alt=\"whastapp asesor\" width=\"50\" height=\"50\" \/> <\/a><\/p>\n","protected":false},"excerpt":{"rendered":"<p>Gran oportunidad de inversi\u00f3n en el coraz\u00f3n de Bre\u00f1a: <strong>terreno de 5,200 m2<\/strong> <strong>con zonificaci\u00f3n para hasta 10 pisos<\/strong>, ideal para desarrollar un Proyecto Comercial de alto impacto, en Jr. Huancabamba a pasos de las avenidas Brasil y Arica, este predio asegura exposici\u00f3n, accesibilidad y flujo constante, factores clave para cualquier inversi\u00f3n exitosa.<\/p>\n<p><strong>Contacta con la Profesional Inmobiliaria<\/strong><\/p>\n<p>Asesor: Zhander Morales<br \/>\nEmail: zhander.morales@inmoder.com<br \/>\nCelular: 943 748 331<\/p>\n<p><a class=\"contact-images\" title=\"Llamar\" href=\"tel:943748331\"><br \/>\n<img loading=\"lazy\" decoding=\"async\" class=\"alignnone size-full wp-image-45\" src=\"https:\/\/inmoder.com\/inmobiliaria\/wp-content\/uploads\/2025\/11\/llamar-asesor.jpg\" alt=\"llamar asesor\" width=\"50\" height=\"50\" \/> <\/a><a title=\"Escribir por Whatsapp\" href=\"https:\/\/wa.me\/51943748331?text=Hola! me interesa la venta del terreno ubicado en Bre\u00f1a!\" target=\"_blank\" rel=\"noopener\"><img loading=\"lazy\" decoding=\"async\" class=\"alignnone size-full wp-image-47\" src=\"https:\/\/inmoder.com\/inmobiliaria\/wp-content\/uploads\/2025\/11\/whatsapp-asesor.jpg\" alt=\"whastapp asesor\" width=\"50\" height=\"50\" \/> <\/a><\/p>\n","protected":false},"featured_media":2180,"template":"","meta":[],"product_brand":[],"product_cat":[16],"product_tag":[219,158,45,150],"class_list":{"0":"post-2171","1":"product","2":"type-product","3":"status-publish","4":"has-post-thumbnail","6":"product_cat-terrenos-venta","7":"product_tag-brena","8":"product_tag-terreno","9":"product_tag-venta","10":"product_tag-venta-de-terreno","12":"first","13":"outofstock","14":"shipping-taxable","15":"purchasable","16":"product-type-simple"},"_links":{"self":[{"href":"https:\/\/inmoder.com\/inmobiliaria\/wp-json\/wp\/v2\/product\/2171","targetHints":{"allow":["GET"]}}],"collection":[{"href":"https:\/\/inmoder.com\/inmobiliaria\/wp-json\/wp\/v2\/product"}],"about":[{"href":"https:\/\/inmoder.com\/inmobiliaria\/wp-json\/wp\/v2\/types\/product"}],"wp:featuredmedia":[{"embeddable":true,"href":"https:\/\/inmoder.com\/inmobiliaria\/wp-json\/wp\/v2\/media\/2180"}],"wp:attachment":[{"href":"https:\/\/inmoder.com\/inmobiliaria\/wp-json\/wp\/v2\/media?parent=2171"}],"wp:term":[{"taxonomy":"product_brand","embeddable":true,"href":"https:\/\/inmoder.com\/inmobiliaria\/wp-json\/wp\/v2\/product_brand?post=2171"},{"taxonomy":"product_cat","embeddable":true,"href":"https:\/\/inmoder.com\/inmobiliaria\/wp-json\/wp\/v2\/product_cat?post=2171"},{"taxonomy":"product_tag","embeddable":true,"href":"https:\/\/inmoder.com\/inmobiliaria\/wp-json\/wp\/v2\/product_tag?post=2171"}],"curies":[{"name":"wp","href":"https:\/\/api.w.org\/{rel}","templated":true}]}}