{"id":2011,"date":"2026-03-31T15:40:28","date_gmt":"2026-03-31T20:40:28","guid":{"rendered":"https:\/\/inmoder.com\/inmobiliaria\/?post_type=product&#038;p=2011"},"modified":"2026-04-06T15:50:59","modified_gmt":"2026-04-06T20:50:59","slug":"2011","status":"publish","type":"product","link":"https:\/\/inmoder.com\/inmobiliaria\/propiedades\/2011\/","title":{"rendered":"Venta de Departamento en Anc\u00f3n &#8211; Los Pelicanos"},"content":{"rendered":"<p>Descubre el privilegio de vivir frente al mar en Anc\u00f3n con este exclusivo departamento dise\u00f1ado para quienes valoran el confort, la privacidad y el estilo.<\/p>\n<p>Ubicado en la tranquila y cotizada Calle Los Pel\u00edcanos, esta propiedad ofrece una experiencia \u00fanica donde cada detalle ha sido cuidadosamente pensado. Su amplia terraza se convierte en el escenario perfecto para disfrutar de atardeceres inigualables, con una vista panor\u00e1mica al oc\u00e9ano que inspira calma y sofisticaci\u00f3n.<\/p>\n<p>Metraje 138 m2 &#8211; antig\u00fcedad:28 a\u00f1os <\/p>\n<p>Descripci\u00f3n:<br \/>\nSala &#8211; comedor<br \/>\nChimenea<br \/>\nCocina cerrada<br \/>\n03 dormitorios<br \/>\n02 ba\u00f1os<br \/>\n\u00c1rea de servicio completa<br \/>\nLavander\u00eda<br \/>\nTerraza <\/p>\n<p>El departamento cuenta con un elegante jacuzzi privado de 7 m2, ideal para relajarte mientras escuchas el sonido del mar, creando un ambiente de resort sin salir de casa. Sus espacios interiores destacan por su luminosidad, distribuci\u00f3n armoniosa y acabados de alta calidad, brindando una sensaci\u00f3n de amplitud y bienestar en cada ambiente.<\/p>\n<p>Adem\u00e1s, incluye dos estacionamientos lineales, aportando practicidad y comodidad para ti y tus visitas.<\/p>\n<p><iframe loading=\"lazy\" width=\"425\" height=\"350\" src=\"https:\/\/www.openstreetmap.org\/export\/embed.html?bbox=-77.18707144260408%2C-11.77512068379195%2C-77.18456089496614%2C-11.773348286796825&amp;layer=mapnik&amp;marker=-11.774233033724796%2C-77.1858161687851\" style=\"border: 1px solid black\"><\/iframe><br \/><small><a href=\"https:\/\/www.openstreetmap.org\/?mlat=-11.774233&amp;mlon=-77.185816#map=19\/-11.774234\/-77.185816\">Ver el mapa m\u00e1s grande<\/a><\/small><\/p>\n<h2>Contacta a tu agente de confianza<\/h2>\n<p>Agente: Janet P\u00e9rez<br \/>\nCelular: 982 201 389 o al 974 397 508<\/p>\n<p><a class=\"contact-images\" title=\"Llamar\" href=\"tel:982201389\"><br \/>\n<img loading=\"lazy\" decoding=\"async\" class=\"alignnone size-full wp-image-45\" src=\"https:\/\/inmoder.com\/inmobiliaria\/wp-content\/uploads\/2025\/11\/llamar-asesor.jpg\" alt=\"llamar asesor\" width=\"50\" height=\"50\" \/> <\/a><a title=\"Escribir por Whatsapp\" href=\"https:\/\/wa.me\/51982201389?text=Hola! me interesa el departamento en Anc\u00f3n - Calle Los Pelicanos!\" target=\"_blank\" rel=\"noopener\"><img loading=\"lazy\" decoding=\"async\" class=\"alignnone size-full wp-image-47\" src=\"https:\/\/inmoder.com\/inmobiliaria\/wp-content\/uploads\/2025\/11\/whatsapp-asesor.jpg\" alt=\"whastapp asesor\" width=\"50\" height=\"50\" \/> <\/a><\/p>\n","protected":false},"excerpt":{"rendered":"<p>S\/ 493,000<\/p>\n<p>Descubre el privilegio de vivir frente al mar en Anc\u00f3n con este exclusivo departamento dise\u00f1ado para quienes valoran el confort, la privacidad y el estilo.<\/p>\n<p>Ubicado en la tranquila y cotizada Calle Los Pel\u00edcanos, esta propiedad ofrece una experiencia \u00fanica donde cada detalle ha sido cuidadosamente pensado. Su amplia terraza se convierte en el escenario perfecto para disfrutar de atardeceres inigualables, con una vista panor\u00e1mica al oc\u00e9ano que inspira calma y sofisticaci\u00f3n.<\/p>\n<p><strong>Contacta con la Profesional Inmobiliario<\/strong><\/p>\n<p>Asesor: Janet P\u00e9rez<br \/>\nEmail:  janet.perez@inmoder.com<br \/>\nCelular: 982 201 389<\/p>\n<p><a class=\"contact-images\" title=\"Llamar\" href=\"tel:982201389\"><br \/>\n<img loading=\"lazy\" decoding=\"async\" class=\"alignnone size-full wp-image-45\" src=\"https:\/\/inmoder.com\/inmobiliaria\/wp-content\/uploads\/2025\/11\/llamar-asesor.jpg\" alt=\"llamar asesor\" width=\"50\" height=\"50\" \/> <\/a><a title=\"Escribir por Whatsapp\" href=\"https:\/\/wa.me\/582201389?text=Hola! me interesa el departamento en Anc\u00f3n - Calle Los Pelicanos!\" target=\"_blank\" rel=\"noopener\"><img loading=\"lazy\" decoding=\"async\" class=\"alignnone size-full wp-image-47\" src=\"https:\/\/inmoder.com\/inmobiliaria\/wp-content\/uploads\/2025\/11\/whatsapp-asesor.jpg\" alt=\"whastapp asesor\" width=\"50\" height=\"50\" \/> <\/a><\/p>\n","protected":false},"featured_media":2012,"template":"","meta":[],"product_brand":[],"product_cat":[42],"product_tag":[186,193,209,210],"class_list":{"0":"post-2011","1":"product","2":"type-product","3":"status-publish","4":"has-post-thumbnail","6":"product_cat-venta-departamento","7":"product_tag-ancon","8":"product_tag-balneario-de-ancon","9":"product_tag-los-pelicanos","10":"product_tag-playa","12":"first","13":"outofstock","14":"shipping-taxable","15":"purchasable","16":"product-type-simple"},"_links":{"self":[{"href":"https:\/\/inmoder.com\/inmobiliaria\/wp-json\/wp\/v2\/product\/2011","targetHints":{"allow":["GET"]}}],"collection":[{"href":"https:\/\/inmoder.com\/inmobiliaria\/wp-json\/wp\/v2\/product"}],"about":[{"href":"https:\/\/inmoder.com\/inmobiliaria\/wp-json\/wp\/v2\/types\/product"}],"wp:featuredmedia":[{"embeddable":true,"href":"https:\/\/inmoder.com\/inmobiliaria\/wp-json\/wp\/v2\/media\/2012"}],"wp:attachment":[{"href":"https:\/\/inmoder.com\/inmobiliaria\/wp-json\/wp\/v2\/media?parent=2011"}],"wp:term":[{"taxonomy":"product_brand","embeddable":true,"href":"https:\/\/inmoder.com\/inmobiliaria\/wp-json\/wp\/v2\/product_brand?post=2011"},{"taxonomy":"product_cat","embeddable":true,"href":"https:\/\/inmoder.com\/inmobiliaria\/wp-json\/wp\/v2\/product_cat?post=2011"},{"taxonomy":"product_tag","embeddable":true,"href":"https:\/\/inmoder.com\/inmobiliaria\/wp-json\/wp\/v2\/product_tag?post=2011"}],"curies":[{"name":"wp","href":"https:\/\/api.w.org\/{rel}","templated":true}]}}