{"id":1013,"date":"2026-01-08T16:26:30","date_gmt":"2026-01-08T21:26:30","guid":{"rendered":"https:\/\/inmoder.com\/inmobiliaria\/?post_type=product&#038;p=1013"},"modified":"2026-04-10T18:01:08","modified_gmt":"2026-04-10T23:01:08","slug":"se-alquila-departamento-en-los-olivos-3er-piso","status":"publish","type":"product","link":"https:\/\/inmoder.com\/inmobiliaria\/propiedades\/se-alquila-departamento-en-los-olivos-3er-piso\/","title":{"rendered":"Alquiler de Departamento en Los Olivos &#8211; 3er piso"},"content":{"rendered":"<p>Imagina despertar cada d\u00eda en un lugar tranquilo, conectado con todo lo que necesitas. Este departamento en ALQUILER  te ofrece tres acogedores dormitorios, una sala iluminada para compartir momentos especiales, un comedor para disfrutar en familia y una cocina lista para inspirar tus mejores recetas.<\/p>\n<p>DEPARTAMENTO EN ALQUILER ENTRE LAS AVENIDAS SANTA ELVIRA CON  CHOCANO.<\/p>\n<p>Cont\u00e1ctanos para m\u00e1s informaci\u00f3n o coordinar una visita personalizada con tu agente de confianza, Zhander cel. 9.4.3.7.4.8.3.3.1 o al 9.7.4.3.9.7.5.0.8.<\/p>\n<p>La distribuci\u00f3n del departamento de 110 m2, es el siguiente:<br \/>\n\u2022 Sala, comedor.<br \/>\n\u2022 Cocina con cajoneras altas y bajas, concepto abierto.<br \/>\n\u2022 03 dormitorios con closet con buena iluminaci\u00f3n natural.<br \/>\n\u2022 02 ba\u00f1os completos, c\u00f3modos y funcionales.<br \/>\n\u2022 01 cochera grande el\u00e9ctrica.<br \/>\n\u2022 \u00c1rea de lavander\u00eda.<br \/>\n\u2022 Gas Calidda.<\/p>\n<p>Este departamento ofrece comodidad, ubicaci\u00f3n estrat\u00e9gica, cerca al parque, y todos los servicios esenciales, ideal para familias, parejas o profesionales que buscan vivir cerca de todo.<br \/>\nVive con comodidad y disfruta de la mejor ubicaci\u00f3n en Los Olivos.<\/p>\n<p><iframe loading=\"lazy\" width=\"425\" height=\"350\" src=\"https:\/\/www.openstreetmap.org\/export\/embed.html?bbox=-77.07766413688661%2C-11.965818589490999%2C-77.06762194633485%2C-11.95910124900531&amp;layer=mapnik&amp;marker=-11.962459917151437%2C-77.07264304161072\" style=\"border: 1px solid black\"><\/iframe><br \/><small><a href=\"https:\/\/www.openstreetmap.org\/?mlat=-11.962460&amp;mlon=-77.072643#map=17\/-11.962460\/-77.072643\">Ver el mapa m\u00e1s grande<\/a><\/small><\/p>\n<h2>Contacta a tu Profesional Inmobiliario de confianza<\/h2>\n<p>Agente: Stevi Morales<br \/>\nCelular: 986 640 950 o al 974 397 508<\/p>\n<p><a class=\"contact-images\" title=\"Llamar\" href=\"tel:986640950\"><br \/>\n<img loading=\"lazy\" decoding=\"async\" class=\"alignnone size-full wp-image-45\" src=\"https:\/\/inmoder.com\/inmobiliaria\/wp-content\/uploads\/2025\/11\/llamar-asesor.jpg\" alt=\"llamar asesor\" width=\"50\" height=\"50\" \/> <\/a><a title=\"Escribir por Whatsapp\" href=\"https:\/\/wa.me\/51986640950?text=Hola! me interesa el alquiler del departamento del 3er piso en Los Olivos!\" target=\"_blank\" rel=\"noopener\"><img loading=\"lazy\" decoding=\"async\" class=\"alignnone size-full wp-image-47\" src=\"https:\/\/inmoder.com\/inmobiliaria\/wp-content\/uploads\/2025\/11\/whatsapp-asesor.jpg\" alt=\"whastapp asesor\" width=\"50\" height=\"50\" \/> <\/a><\/p>\n","protected":false},"excerpt":{"rendered":"<p>S\/ 1,750.00<\/p>\n<p>Imagina despertar cada d\u00eda en un lugar tranquilo, conectado con todo lo que necesitas. Este departamento en ALQUILER  te ofrece tres acogedores dormitorios, una sala iluminada para compartir momentos especiales, un comedor para disfrutar en familia y una cocina lista para inspirar tus mejores recetas.<\/p>\n<p><strong>Contacta con la Profesional Inmobiliario<\/strong><\/p>\n<p>Srta. Stevi Morales<br \/>\nEmail: stheviana.morales@inmoder.com<br \/>\nCelular: 986 640 950<\/p>\n<p><a class=\"contact-images\" title=\"Llamar\" href=\"tel:986640950\"><br \/>\n<img loading=\"lazy\" decoding=\"async\" class=\"alignnone size-full wp-image-45\" src=\"https:\/\/inmoder.com\/inmobiliaria\/wp-content\/uploads\/2025\/11\/llamar-asesor.jpg\" alt=\"llamar asesor\" width=\"50\" height=\"50\" \/> <\/a><a title=\"Escribir por Whatsapp\" href=\"https:\/\/wa.me\/51986640950?text=Hola! me interesa el alquiler del departamento del 3er piso en Los Olivos!\" target=\"_blank\" rel=\"noopener\"><img loading=\"lazy\" decoding=\"async\" class=\"alignnone size-full wp-image-47\" src=\"https:\/\/inmoder.com\/inmobiliaria\/wp-content\/uploads\/2025\/11\/whatsapp-asesor.jpg\" alt=\"whastapp asesor\" width=\"50\" height=\"50\" \/> <\/a><\/p>\n","protected":false},"featured_media":2032,"template":"","meta":[],"product_brand":[],"product_cat":[24,171],"product_tag":[20,23,111,22],"class_list":{"0":"post-1013","1":"product","2":"type-product","3":"status-publish","4":"has-post-thumbnail","6":"product_cat-alquiler-departamento","7":"product_cat-propiedades-vendidas","8":"product_tag-alquiler-de-departamento","9":"product_tag-alquiler-en-los-olivos","10":"product_tag-calle-los-chocanos","11":"product_tag-los-olivos","13":"first","14":"outofstock","15":"shipping-taxable","16":"purchasable","17":"product-type-simple"},"_links":{"self":[{"href":"https:\/\/inmoder.com\/inmobiliaria\/wp-json\/wp\/v2\/product\/1013","targetHints":{"allow":["GET"]}}],"collection":[{"href":"https:\/\/inmoder.com\/inmobiliaria\/wp-json\/wp\/v2\/product"}],"about":[{"href":"https:\/\/inmoder.com\/inmobiliaria\/wp-json\/wp\/v2\/types\/product"}],"wp:featuredmedia":[{"embeddable":true,"href":"https:\/\/inmoder.com\/inmobiliaria\/wp-json\/wp\/v2\/media\/2032"}],"wp:attachment":[{"href":"https:\/\/inmoder.com\/inmobiliaria\/wp-json\/wp\/v2\/media?parent=1013"}],"wp:term":[{"taxonomy":"product_brand","embeddable":true,"href":"https:\/\/inmoder.com\/inmobiliaria\/wp-json\/wp\/v2\/product_brand?post=1013"},{"taxonomy":"product_cat","embeddable":true,"href":"https:\/\/inmoder.com\/inmobiliaria\/wp-json\/wp\/v2\/product_cat?post=1013"},{"taxonomy":"product_tag","embeddable":true,"href":"https:\/\/inmoder.com\/inmobiliaria\/wp-json\/wp\/v2\/product_tag?post=1013"}],"curies":[{"name":"wp","href":"https:\/\/api.w.org\/{rel}","templated":true}]}}